{"id":837,"date":"2024-10-13T10:33:17","date_gmt":"2024-10-13T10:33:17","guid":{"rendered":"https:\/\/planc.solutions\/?page_id=837"},"modified":"2025-04-26T18:15:22","modified_gmt":"2025-04-26T18:15:22","slug":"stands-diseno-alemania","status":"publish","type":"page","link":"https:\/\/planc.solutions\/en\/stands-diseno-alemania\/","title":{"rendered":"Stands de Dise\u00f1o en Alemania"},"content":{"rendered":"<h1>stand de dise\u00f1o <\/h1>\n<p>Aprovecha nuestras f\u00e1bricas y consigue un servicio excepcional desde <strong>400\u20ac\/m\u00b2<\/strong><\/p>\n<p><b>Sin transporte desde Espa\u00f1a y sin retrasos!<br \/><\/b><\/p>\n<p>\t\t\t\t\t<a href=\"https:\/\/planc.solutions\/en\/#contacto\"><br \/>\n\t\t\t\t<svg aria-hidden=\"true\" viewbox=\"0 0 512 512\" xmlns=\"http:\/\/www.w3.org\/2000\/svg\"><path d=\"M504 256C504 119 393 8 256 8S8 119 8 256s111 248 248 248 248-111 248-248zm-448 0c0-110.5 89.5-200 200-200s200 89.5 200 200-89.5 200-200 200S56 366.5 56 256zm72 20v-40c0-6.6 5.4-12 12-12h116v-67c0-10.7 12.9-16 20.5-8.5l99 99c4.7 4.7 4.7 12.3 0 17l-99 99c-7.6 7.6-20.5 2.2-20.5-8.5v-67H140c-6.6 0-12-5.4-12-12z\"><\/path><\/svg><br \/>\n\t\t\t\t\t\t\t\t\tpresupuesto ahora<br \/>\n\t\t\t\t\t<\/a><br \/>\n\t\t\tGesti\u00f3n<br \/>\n\t\t\tDIse\u00f1o<br \/>\n\t\t\tFabricaci\u00f3n<br \/>\n\t\t\tMontaje<br \/>\n\t\t\t\t0<\/p>\n<h2>pr\u00f3ximas ferias <\/h2>\n<p>\u00a0<\/p>\n<p>7 &#8211; 11 de abril de 2025<br \/>7 &#8211; 13 de abril de 2025<br \/>10 &#8211; 13 de abril de 2025<\/p>\n<p>3 &#8211; 8 de mayo de 2025<br \/>7 &#8211; 9 de mayo de 2025<br \/>20 &#8211; 23 de mayo de 2025<\/p>\n<p>2 &#8211; 5 de junio de 2025<\/p>\n<p>\u00a0<\/p>\n<p>Hannover Messe 2025<br \/>BAUMA 2025<br \/>FIBO 2025<\/p>\n<p>IFFA 2025<br \/>Intersolar 2025<br \/>Interzum 2025<\/p>\n<p>Transport Logistic 2025<\/p>\n<p>\u00a0<\/p>\n<p>Hannover<br \/>M\u00fanich<br \/>Colonia<\/p>\n<p>Frankfurt<br \/>M\u00fanich<br \/>Colonia<\/p>\n<p>M\u00fanich<\/p>\n<h2>ultimos proyectos <\/h2>\n<p>\t\t\t\t\t\t\t\t\t\t\t\t\t\t<a href=\"#\"><br \/>\n\t\t\t\t\t\t\t<img loading=\"lazy\" decoding=\"async\" width=\"800\" height=\"600\" src=\"https:\/\/planc.solutions\/wp-content\/uploads\/2024\/10\/zamorano-1-1024x768.jpg\" alt=\"\" srcset=\"https:\/\/planc.solutions\/wp-content\/uploads\/2024\/10\/zamorano-1-1024x768.jpg 1024w, https:\/\/planc.solutions\/wp-content\/uploads\/2024\/10\/zamorano-1-300x225.jpg 300w, https:\/\/planc.solutions\/wp-content\/uploads\/2024\/10\/zamorano-1-768x576.jpg 768w, https:\/\/planc.solutions\/wp-content\/uploads\/2024\/10\/zamorano-1.jpg 1400w\" sizes=\"auto, (max-width: 800px) 100vw, 800px\" \/>\t\t\t\t\t\t\t\t<\/a><br \/>\n\t\t\t\t\t\t\t\t\t\t\t\t\t\t<a href=\"#\"><br \/>\n\t\t\t\t\t\t\t<img loading=\"lazy\" decoding=\"async\" width=\"800\" height=\"600\" src=\"https:\/\/planc.solutions\/wp-content\/uploads\/2024\/10\/catalysis2-1024x768.jpg\" alt=\"\" srcset=\"https:\/\/planc.solutions\/wp-content\/uploads\/2024\/10\/catalysis2-1024x768.jpg 1024w, https:\/\/planc.solutions\/wp-content\/uploads\/2024\/10\/catalysis2-300x225.jpg 300w, https:\/\/planc.solutions\/wp-content\/uploads\/2024\/10\/catalysis2-768x576.jpg 768w, https:\/\/planc.solutions\/wp-content\/uploads\/2024\/10\/catalysis2.jpg 1400w\" sizes=\"auto, (max-width: 800px) 100vw, 800px\" \/>\t\t\t\t\t\t\t\t<\/a><br \/>\n\t\t\t\t\t\t\t\t\t\t\t\t\t\t<a href=\"#\"><br \/>\n\t\t\t\t\t\t\t<img loading=\"lazy\" decoding=\"async\" width=\"800\" height=\"600\" src=\"https:\/\/planc.solutions\/wp-content\/uploads\/2024\/10\/WhatsApp-Image-2024-03-18-at-09.11.12-1-1024x768.jpeg\" alt=\"\" srcset=\"https:\/\/planc.solutions\/wp-content\/uploads\/2024\/10\/WhatsApp-Image-2024-03-18-at-09.11.12-1-1024x768.jpeg 1024w, https:\/\/planc.solutions\/wp-content\/uploads\/2024\/10\/WhatsApp-Image-2024-03-18-at-09.11.12-1-300x225.jpeg 300w, https:\/\/planc.solutions\/wp-content\/uploads\/2024\/10\/WhatsApp-Image-2024-03-18-at-09.11.12-1-768x576.jpeg 768w, https:\/\/planc.solutions\/wp-content\/uploads\/2024\/10\/WhatsApp-Image-2024-03-18-at-09.11.12-1-1536x1152.jpeg 1536w, https:\/\/planc.solutions\/wp-content\/uploads\/2024\/10\/WhatsApp-Image-2024-03-18-at-09.11.12-1.jpeg 1600w\" sizes=\"auto, (max-width: 800px) 100vw, 800px\" \/>\t\t\t\t\t\t\t\t<\/a><br \/>\n\t\t\t\t\t\t\t\t\t\t\t\t\t\t<a href=\"#\"><br \/>\n\t\t\t\t\t\t\t<img loading=\"lazy\" decoding=\"async\" width=\"800\" height=\"600\" src=\"https:\/\/planc.solutions\/wp-content\/uploads\/2024\/10\/rolen-1024x768.jpg\" alt=\"\" srcset=\"https:\/\/planc.solutions\/wp-content\/uploads\/2024\/10\/rolen-1024x768.jpg 1024w, https:\/\/planc.solutions\/wp-content\/uploads\/2024\/10\/rolen-300x225.jpg 300w, https:\/\/planc.solutions\/wp-content\/uploads\/2024\/10\/rolen-768x576.jpg 768w, https:\/\/planc.solutions\/wp-content\/uploads\/2024\/10\/rolen.jpg 1400w\" sizes=\"auto, (max-width: 800px) 100vw, 800px\" \/>\t\t\t\t\t\t\t\t<\/a><\/p>\n<h2>resultados<\/h2>\n<p>Gracias a nuestras m\u00faltiples f\u00e1bricas y equipos repartidos por toda Europa, ofrecemos un servicio <strong>m\u00e1s eficiente y seguro<\/strong>. Nuestra misi\u00f3n es optimizar cada proyecto, eliminando gastos innecesarios, para ofrecerte <strong>calidad a precios competitivos<\/strong>.<\/p>\n<p>Dise\u00f1amos espacios <b>entre 30 y 200 m\u00b2 en 7 dias<\/b> desde la primera reuni\u00f3n. Stand completamente personalizado a tus necesidades. \u00a1Deja de buscar! <b>La soluci\u00f3n est\u00e1 aqu\u00ed con Plan C Solutions.<\/b><\/p>\n<h1>NO ESPERES M\u00c1S<\/h1>\n<p>Pide presupuesto sin compromiso y no pagues de m\u00e1s ni renuncies a la calidad.&nbsp;<\/p>\n<p><b>STAND DE DISE\u00d1O A MEDIDA<br \/><\/b>PRESENTA TU MARCA O PRODUCTO EN ALEMANIA<\/p>\n<p>\t\t\t\t\t<a href=\"https:\/\/planc.solutions\/en\/#contacto\"><br \/>\n\t\t\t\t<svg aria-hidden=\"true\" viewbox=\"0 0 512 512\" xmlns=\"http:\/\/www.w3.org\/2000\/svg\"><path d=\"M504 256C504 119 393 8 256 8S8 119 8 256s111 248 248 248 248-111 248-248zm-448 0c0-110.5 89.5-200 200-200s200 89.5 200 200-89.5 200-200 200S56 366.5 56 256zm72 20v-40c0-6.6 5.4-12 12-12h116v-67c0-10.7 12.9-16 20.5-8.5l99 99c4.7 4.7 4.7 12.3 0 17l-99 99c-7.6 7.6-20.5 2.2-20.5-8.5v-67H140c-6.6 0-12-5.4-12-12z\"><\/path><\/svg><br \/>\n\t\t\t\t\t\t\t\t\tPRESUPUESTO AHORA<br \/>\n\t\t\t\t\t<\/a><\/p>\n<h1>presupuestos<\/h1>\n<p><a href=\"mailto:alemania@planc.solutions\" target=\"_blank\" rel=\"noopener\"><img loading=\"lazy\" decoding=\"async\" src=\"https:\/\/planc.solutions\/wp-content\/uploads\/2024\/04\/correo.jpg\" alt=\"\" width=\"100\" height=\"100\" \/><\/a><\/p>\n<p style=\"text-align: center;\">Envia un <b>Email<\/b> a:<br \/>alemania@planc.solutions<\/p>\n<p><a href=\"http:\/\/wa.me\/34644182898\" target=\"_blank\" rel=\"noopener\"><img loading=\"lazy\" decoding=\"async\" src=\"https:\/\/planc.solutions\/wp-content\/uploads\/2024\/04\/correo.jpg\" alt=\"\" width=\"100\" height=\"100\" \/><\/a><\/p>\n<p style=\"text-align: center;\">Escribe trav\u00e9s de <b>Whatsapp<\/b><\/p>\n<p><a href=\"https:\/\/planc.solutions\/en\/formulario-de-presupuesto\/\" target=\"_blank\" rel=\"noopener\"><img loading=\"lazy\" decoding=\"async\" src=\"https:\/\/planc.solutions\/wp-content\/uploads\/2024\/04\/correo.jpg\" alt=\"\" width=\"100\" height=\"100\" \/><\/a><\/p>\n<p style=\"text-align: center;\">Rellena nuestro <b>Formulario<\/b> de presupuesto<\/p>","protected":false},"excerpt":{"rendered":"<p>stand de dise\u00f1o Aprovecha nuestras f\u00e1bricas y consigue un servicio excepcional desde 400\u20ac\/m\u00b2 Sin transporte desde Espa\u00f1a y sin retrasos! presupuesto ahora Gesti\u00f3n DIse\u00f1o Fabricaci\u00f3n Montaje 0 pr\u00f3ximas ferias \u00a0 7 &#8211; 11 de abril de 20257 &#8211; 13 de abril de 202510 &#8211; 13 de abril de 2025 3 &#8211; 8 de mayo de [&hellip;]<\/p>\n","protected":false},"author":2,"featured_media":0,"parent":0,"menu_order":0,"comment_status":"closed","ping_status":"closed","template":"","meta":{"_uag_custom_page_level_css":"","site-sidebar-layout":"default","site-content-layout":"","ast-site-content-layout":"default","site-content-style":"default","site-sidebar-style":"default","ast-global-header-display":"","ast-banner-title-visibility":"","ast-main-header-display":"","ast-hfb-above-header-display":"","ast-hfb-below-header-display":"","ast-hfb-mobile-header-display":"","site-post-title":"","ast-breadcrumbs-content":"","ast-featured-img":"","footer-sml-layout":"","ast-disable-related-posts":"","theme-transparent-header-meta":"","adv-header-id-meta":"","stick-header-meta":"","header-above-stick-meta":"","header-main-stick-meta":"","header-below-stick-meta":"","astra-migrate-meta-layouts":"default","ast-page-background-enabled":"default","ast-page-background-meta":{"desktop":{"background-color":"","background-image":"","background-repeat":"repeat","background-position":"center center","background-size":"auto","background-attachment":"scroll","background-type":"","background-media":"","overlay-type":"","overlay-color":"","overlay-opacity":"","overlay-gradient":""},"tablet":{"background-color":"","background-image":"","background-repeat":"repeat","background-position":"center center","background-size":"auto","background-attachment":"scroll","background-type":"","background-media":"","overlay-type":"","overlay-color":"","overlay-opacity":"","overlay-gradient":""},"mobile":{"background-color":"","background-image":"","background-repeat":"repeat","background-position":"center center","background-size":"auto","background-attachment":"scroll","background-type":"","background-media":"","overlay-type":"","overlay-color":"","overlay-opacity":"","overlay-gradient":""}},"ast-content-background-meta":{"desktop":{"background-color":"var(--ast-global-color-5)","background-image":"","background-repeat":"repeat","background-position":"center center","background-size":"auto","background-attachment":"scroll","background-type":"","background-media":"","overlay-type":"","overlay-color":"","overlay-opacity":"","overlay-gradient":""},"tablet":{"background-color":"var(--ast-global-color-5)","background-image":"","background-repeat":"repeat","background-position":"center center","background-size":"auto","background-attachment":"scroll","background-type":"","background-media":"","overlay-type":"","overlay-color":"","overlay-opacity":"","overlay-gradient":""},"mobile":{"background-color":"var(--ast-global-color-5)","background-image":"","background-repeat":"repeat","background-position":"center center","background-size":"auto","background-attachment":"scroll","background-type":"","background-media":"","overlay-type":"","overlay-color":"","overlay-opacity":"","overlay-gradient":""}},"footnotes":""},"class_list":["post-837","page","type-page","status-publish","hentry"],"aioseo_notices":[],"uagb_featured_image_src":{"full":false,"thumbnail":false,"medium":false,"medium_large":false,"large":false,"1536x1536":false,"2048x2048":false,"trp-custom-language-flag":false},"uagb_author_info":{"display_name":"Plan C Solutions","author_link":"https:\/\/planc.solutions\/en\/author\/plan-c-solutions\/"},"uagb_comment_info":0,"uagb_excerpt":"stand de dise\u00f1o Aprovecha nuestras f\u00e1bricas y consigue un servicio excepcional desde 400\u20ac\/m\u00b2 Sin transporte desde Espa\u00f1a y sin retrasos! presupuesto ahora Gesti\u00f3n DIse\u00f1o Fabricaci\u00f3n Montaje 0 pr\u00f3ximas ferias \u00a0 7 &#8211; 11 de abril de 20257 &#8211; 13 de abril de 202510 &#8211; 13 de abril de 2025 3 &#8211; 8 de mayo de&hellip;","_links":{"self":[{"href":"https:\/\/planc.solutions\/en\/wp-json\/wp\/v2\/pages\/837","targetHints":{"allow":["GET"]}}],"collection":[{"href":"https:\/\/planc.solutions\/en\/wp-json\/wp\/v2\/pages"}],"about":[{"href":"https:\/\/planc.solutions\/en\/wp-json\/wp\/v2\/types\/page"}],"author":[{"embeddable":true,"href":"https:\/\/planc.solutions\/en\/wp-json\/wp\/v2\/users\/2"}],"replies":[{"embeddable":true,"href":"https:\/\/planc.solutions\/en\/wp-json\/wp\/v2\/comments?post=837"}],"version-history":[{"count":39,"href":"https:\/\/planc.solutions\/en\/wp-json\/wp\/v2\/pages\/837\/revisions"}],"predecessor-version":[{"id":1340,"href":"https:\/\/planc.solutions\/en\/wp-json\/wp\/v2\/pages\/837\/revisions\/1340"}],"wp:attachment":[{"href":"https:\/\/planc.solutions\/en\/wp-json\/wp\/v2\/media?parent=837"}],"curies":[{"name":"wp","href":"https:\/\/api.w.org\/{rel}","templated":true}]}}